{"id":1060,"date":"2022-01-26T10:28:01","date_gmt":"2022-01-26T09:28:01","guid":{"rendered":"https:\/\/webshow.rankingroad.com\/unternehmer-homepage\/"},"modified":"2022-02-03T17:53:25","modified_gmt":"2022-02-03T16:53:25","slug":"unternehmer-homepage","status":"publish","type":"page","link":"https:\/\/webshow.rankingroad.com\/de\/","title":{"rendered":"Unternehmer HomePage"},"content":{"rendered":"\t\t<div data-elementor-type=\"wp-page\" data-elementor-id=\"1060\" class=\"elementor elementor-1060 elementor-8\" data-elementor-settings=\"[]\">\n\t\t\t\t\t\t<div class=\"elementor-inner\">\n\t\t\t\t\t\t\t<div class=\"elementor-section-wrap\">\n\t\t\t\t\t\t\t<section class=\"elementor-section elementor-top-section elementor-element elementor-element-5738ffd elementor-section-stretched elementor-section-boxed elementor-section-height-default elementor-section-height-default\" data-id=\"5738ffd\" data-element_type=\"section\" data-settings=\"{&quot;stretch_section&quot;:&quot;section-stretched&quot;,&quot;background_background&quot;:&quot;classic&quot;,&quot;shape_divider_bottom&quot;:&quot;triangle-asymmetrical&quot;}\">\n\t\t\t\t\t<div class=\"elementor-shape elementor-shape-bottom\" data-negative=\"false\">\n\t\t\t<svg xmlns=\"http:\/\/www.w3.org\/2000\/svg\" viewBox=\"0 0 1000 100\" preserveAspectRatio=\"none\">\n\t<path class=\"elementor-shape-fill\" d=\"M738,99l262-93V0H0v5.6L738,99z\"\/>\n<\/svg>\t\t<\/div>\n\t\t\t\t\t<div class=\"elementor-container elementor-column-gap-default\">\n\t\t\t\t\t\t\t<div class=\"elementor-row\">\n\t\t\t\t\t<div class=\"elementor-column elementor-col-100 elementor-top-column elementor-element elementor-element-6b52c1d\" data-id=\"6b52c1d\" data-element_type=\"column\">\n\t\t\t<div class=\"elementor-column-wrap elementor-element-populated\">\n\t\t\t\t\t\t\t<div class=\"elementor-widget-wrap\">\n\t\t\t\t\t\t<div class=\"elementor-element elementor-element-864fb85 elementor-widget elementor-widget-heading\" data-id=\"864fb85\" data-element_type=\"widget\" data-widget_type=\"heading.default\">\n\t\t\t\t<div class=\"elementor-widget-container\">\n\t\t\t<h2 class=\"elementor-heading-title elementor-size-default\">DIE INTERNATIONALE WEBSHOW<br> MADE IN RANKING ROAD<\/h2>\t\t<\/div>\n\t\t\t\t<\/div>\n\t\t\t\t<div class=\"elementor-element elementor-element-f008f78 elementor-widget elementor-widget-heading\" data-id=\"f008f78\" data-element_type=\"widget\" data-widget_type=\"heading.default\">\n\t\t\t\t<div class=\"elementor-widget-container\">\n\t\t\t<h2 class=\"elementor-heading-title elementor-size-default\">15. Februar 2022 | Von 09:45 Uhr bis 11:45 Uhr<\/h2>\t\t<\/div>\n\t\t\t\t<\/div>\n\t\t\t\t<div class=\"elementor-element elementor-element-c47a376 elementor-widget elementor-widget-heading\" data-id=\"c47a376\" data-element_type=\"widget\" data-widget_type=\"heading.default\">\n\t\t\t\t<div class=\"elementor-widget-container\">\n\t\t\t<h2 class=\"elementor-heading-title elementor-size-default\">Sprachliche und kulturelle Barrieren, Kaufgewohnheiten sowie spezielle und typische Besonderheiten eines Landes oder einer Region k\u00f6nnen zu echten Hindernissen f\u00fcr internationale Marketingaktivit\u00e4ten werden. Dies gilt umso mehr f\u00fcr die digitalen Marketingaktivit\u00e4ten. Dies gilt umso mehr f\u00fcr die digitalen Marketingaktivit\u00e4ten. <\/h2>\t\t<\/div>\n\t\t\t\t<\/div>\n\t\t\t\t<div class=\"elementor-element elementor-element-962aba6 elementor-widget elementor-widget-heading\" data-id=\"962aba6\" data-element_type=\"widget\" data-widget_type=\"heading.default\">\n\t\t\t\t<div class=\"elementor-widget-container\">\n\t\t\t<h2 class=\"elementor-heading-title elementor-size-default\">Wie man diese Hindernisse in eine St\u00e4rke verwandelt<br> f\u00fcr Ihr internationales Gesch\u00e4ft?<\/h2>\t\t<\/div>\n\t\t\t\t<\/div>\n\t\t\t\t<div class=\"elementor-element elementor-element-cb423b2 elementor-widget elementor-widget-heading\" data-id=\"cb423b2\" data-element_type=\"widget\" data-widget_type=\"heading.default\">\n\t\t\t\t<div class=\"elementor-widget-container\">\n\t\t\t<h2 class=\"elementor-heading-title elementor-size-default\">Wir sprechen dar\u00fcber in der ersten Webshow 2022 von Ranking Road mit den drei Leitern der B\u00fcros in Italien, Frankreich und Deutschland. Anhand der Analyse von digitalen B2B- UND B2C-Projekten werden die drei Spezialisten f\u00fcr digitales Marketing die wichtigsten Merkmale hervorheben, die ein Unternehmen in die Praxis umsetzen muss, um das internationale digitale Marketing zu verbessern oder zu betreiben.<\/h2>\t\t<\/div>\n\t\t\t\t<\/div>\n\t\t\t\t<div class=\"elementor-element elementor-element-f3c78a8 elementor-widget elementor-widget-heading\" data-id=\"f3c78a8\" data-element_type=\"widget\" data-widget_type=\"heading.default\">\n\t\t\t\t<div class=\"elementor-widget-container\">\n\t\t\t<h2 class=\"elementor-heading-title elementor-size-default\">Die Webshow basiert auf realen F\u00e4llen, die unsere Experten nach folgenden Kriterien analysieren werden: <\/h2>\t\t<\/div>\n\t\t\t\t<\/div>\n\t\t\t\t<div class=\"elementor-element elementor-element-9aebb03 elementor-align-center elementor-mobile-align-left elementor-icon-list--layout-traditional elementor-list-item-link-full_width elementor-widget elementor-widget-icon-list\" data-id=\"9aebb03\" data-element_type=\"widget\" data-widget_type=\"icon-list.default\">\n\t\t\t\t<div class=\"elementor-widget-container\">\n\t\t\t\t\t<ul class=\"elementor-icon-list-items\">\n\t\t\t\t\t\t\t<li class=\"elementor-icon-list-item\">\n\t\t\t\t\t\t\t\t\t\t\t<span class=\"elementor-icon-list-icon\">\n\t\t\t\t\t\t\t<i aria-hidden=\"true\" class=\"fas fa-check\"><\/i>\t\t\t\t\t\t<\/span>\n\t\t\t\t\t\t\t\t\t\t<span class=\"elementor-icon-list-text\">Lokale Eigenheiten (look &amp; feel)<\/span>\n\t\t\t\t\t\t\t\t\t<\/li>\n\t\t\t\t\t\t\t\t<li class=\"elementor-icon-list-item\">\n\t\t\t\t\t\t\t\t\t\t\t<span class=\"elementor-icon-list-icon\">\n\t\t\t\t\t\t\t<i aria-hidden=\"true\" class=\"fas fa-check\"><\/i>\t\t\t\t\t\t<\/span>\n\t\t\t\t\t\t\t\t\t\t<span class=\"elementor-icon-list-text\">Kulturelle Gewohnheiten<\/span>\n\t\t\t\t\t\t\t\t\t<\/li>\n\t\t\t\t\t\t\t\t<li class=\"elementor-icon-list-item\">\n\t\t\t\t\t\t\t\t\t\t\t<span class=\"elementor-icon-list-icon\">\n\t\t\t\t\t\t\t<i aria-hidden=\"true\" class=\"fas fa-check\"><\/i>\t\t\t\t\t\t<\/span>\n\t\t\t\t\t\t\t\t\t\t<span class=\"elementor-icon-list-text\">Sprache<\/span>\n\t\t\t\t\t\t\t\t\t<\/li>\n\t\t\t\t\t\t\t\t<li class=\"elementor-icon-list-item\">\n\t\t\t\t\t\t\t\t\t\t\t<span class=\"elementor-icon-list-icon\">\n\t\t\t\t\t\t\t<i aria-hidden=\"true\" class=\"fas fa-check\"><\/i>\t\t\t\t\t\t<\/span>\n\t\t\t\t\t\t\t\t\t\t<span class=\"elementor-icon-list-text\">Suchbegriffe<\/span>\n\t\t\t\t\t\t\t\t\t<\/li>\n\t\t\t\t\t\t\t\t<li class=\"elementor-icon-list-item\">\n\t\t\t\t\t\t\t\t\t\t\t<span class=\"elementor-icon-list-icon\">\n\t\t\t\t\t\t\t<i aria-hidden=\"true\" class=\"fas fa-check\"><\/i>\t\t\t\t\t\t<\/span>\n\t\t\t\t\t\t\t\t\t\t<span class=\"elementor-icon-list-text\">Technische Aspekte<\/span>\n\t\t\t\t\t\t\t\t\t<\/li>\n\t\t\t\t\t\t<\/ul>\n\t\t\t\t<\/div>\n\t\t\t\t<\/div>\n\t\t\t\t<div class=\"elementor-element elementor-element-c323062 elementor-widget elementor-widget-accordion\" data-id=\"c323062\" data-element_type=\"widget\" data-widget_type=\"accordion.default\">\n\t\t\t\t<div class=\"elementor-widget-container\">\n\t\t\t\t\t<div class=\"elementor-accordion\" role=\"tablist\">\n\t\t\t\t\t\t\t<div class=\"elementor-accordion-item\">\n\t\t\t\t\t<div id=\"elementor-tab-title-2041\" class=\"elementor-tab-title\" data-tab=\"1\" role=\"tab\" aria-controls=\"elementor-tab-content-2041\" aria-expanded=\"false\">\n\t\t\t\t\t\t\t\t\t\t\t\t\t<span class=\"elementor-accordion-icon elementor-accordion-icon-left\" aria-hidden=\"true\">\n\t\t\t\t\t\t\t\t\t\t\t\t\t\t\t<span class=\"elementor-accordion-icon-closed\"><i class=\"fas fa-plus\"><\/i><\/span>\n\t\t\t\t\t\t\t\t<span class=\"elementor-accordion-icon-opened\"><i class=\"fas fa-minus\"><\/i><\/span>\n\t\t\t\t\t\t\t\t\t\t\t\t\t\t<\/span>\n\t\t\t\t\t\t\t\t\t\t\t\t<a class=\"elementor-accordion-title\" href=\"\">PROGRAMM<\/a>\n\t\t\t\t\t<\/div>\n\t\t\t\t\t<div id=\"elementor-tab-content-2041\" class=\"elementor-tab-content elementor-clearfix\" data-tab=\"1\" role=\"tabpanel\" aria-labelledby=\"elementor-tab-title-2041\"><div class=\"pagetre\">\n<table>\n<tbody>\n<tr>\n<td>\n<div class=\"layoutArea\">\n<div class=\"column\">\n<p><b>09:45 &#8211; 09:50<\/b><\/p>\n<\/div>\n<\/div>\n<\/td>\n<td>\n<div class=\"layoutArea\">\n<div class=\"column\">\n<p>Begr\u00fc\u00dfung und Einleitung<\/p>\n<\/div>\n<\/div>\n<\/td>\n<td>\n<div class=\"layoutArea\">\n<div class=\"column\">\n<p>Antonio Borri<\/p>\n<\/div>\n<\/div>\n<\/td>\n<\/tr>\n<tr>\n<td>\n<div class=\"layoutArea\">\n<div class=\"column\">\n<p><b>09:50 &#8211; 10:15<\/b><\/p>\n<\/div>\n<\/div>\n<\/td>\n<td>\n<div class=\"layoutArea\">\n<div class=\"column\">\n<p>Website-Analyse einer deutschsprachigen Website<\/p>\n<\/div>\n<\/div>\n<\/td>\n<td>\n<div class=\"layoutArea\">\n<div class=\"column\">\n<p>Peter Ilian \u2013 Roland Debrabant \u2013 Antonio Borri<\/p>\n<\/div>\n<\/div>\n<\/td>\n<\/tr>\n<tr>\n<td>\n<div class=\"layoutArea\">\n<div class=\"column\">\n<p><b>10:15 &#8211; 10:40<\/b><\/p>\n<\/div>\n<\/div>\n<\/td>\n<td>\n<div class=\"layoutArea\">\n<div class=\"column\">\n<p>Website-Analyse einer franz\u00f6sischsprachigen Website<\/p>\n<\/div>\n<\/div>\n<\/td>\n<td>\n<div class=\"layoutArea\">\n<div class=\"column\">\n<p>Roland Debrabant \u2013 Peter Ilian \u2013 Antonio Borri<\/p>\n<\/div>\n<\/div>\n<\/td>\n<\/tr>\n<tr>\n<td>\n<div class=\"layoutArea\">\n<div class=\"column\">\n<p><b>10:40 &#8211; 11:05<\/b><\/p>\n<\/div>\n<\/div>\n<\/td>\n<td>\n<div class=\"layoutArea\">\n<div class=\"column\">\n<p>Website-Analyse einer italienischsprachigen Website<\/p>\n<\/div>\n<\/div>\n<\/td>\n<td>\n<div class=\"layoutArea\">\n<div class=\"column\">\n<p>Antonio Borri \u2013 Roland Debrabant \u2013 Peter Ilian<\/p>\n<\/div>\n<\/div>\n<\/td>\n<\/tr>\n<tr>\n<td>\n<div class=\"layoutArea\">\n<div class=\"column\">\n<p><b>10:40 &#8211; 11:05<br \/>\n<\/b><\/p>\n<\/div>\n<\/div>\n<\/td>\n<td>\n<div class=\"layoutArea\">\n<div class=\"column\">\n<p>\u00dcbersetzung zur Unterst\u00fctzung des internationalen digitalen Marketings<\/p>\n<\/div>\n<\/div>\n<\/td>\n<td>\n<div class=\"layoutArea\">\n<div class=\"column\">\n<p>Alessandra Sorrentino<\/p>\n<\/div>\n<\/div>\n<\/td>\n<\/tr>\n<tr>\n<td>\n<div class=\"layoutArea\">\n<div class=\"column\">\n<p><b>11:20 &#8211; 11:40<br \/>\n<\/b><\/p>\n<\/div>\n<\/div>\n<\/td>\n<td>\n<div class=\"layoutArea\">\n<div class=\"column\">\n<p>Raum f\u00fcr Fragen<\/p>\n<\/div>\n<\/div>\n<\/td>\n<td>\n<div class=\"layoutArea\">\n<div class=\"column\">\n<p>Runder Tisch<\/p>\n<\/div>\n<\/div>\n<\/td>\n<\/tr>\n<tr>\n<td>\n<div class=\"layoutArea\">\n<div class=\"column\">\n<p><b>11:40 &#8211; 11:45<\/b><\/p>\n<\/div>\n<\/div>\n<\/td>\n<td>\n<div class=\"layoutArea\">\n<div class=\"column\">\n<p>Schlussbemerkungen<\/p>\n<\/div>\n<\/div>\n<\/td>\n<td>\n<div class=\"layoutArea\">\n<div class=\"column\">\n<p>Antonio Borri<\/p>\n<\/div>\n<\/div>\n<\/td>\n<\/tr>\n<\/tbody>\n<\/table>\n<\/div>\n<div id=\"relatori\"><\/div>\n<\/div>\n\t\t\t\t<\/div>\n\t\t\t\t\t\t\t<div class=\"elementor-accordion-item\">\n\t\t\t\t\t<div id=\"elementor-tab-title-2042\" class=\"elementor-tab-title\" data-tab=\"2\" role=\"tab\" aria-controls=\"elementor-tab-content-2042\" aria-expanded=\"false\">\n\t\t\t\t\t\t\t\t\t\t\t\t\t<span class=\"elementor-accordion-icon elementor-accordion-icon-left\" aria-hidden=\"true\">\n\t\t\t\t\t\t\t\t\t\t\t\t\t\t\t<span class=\"elementor-accordion-icon-closed\"><i class=\"fas fa-plus\"><\/i><\/span>\n\t\t\t\t\t\t\t\t<span class=\"elementor-accordion-icon-opened\"><i class=\"fas fa-minus\"><\/i><\/span>\n\t\t\t\t\t\t\t\t\t\t\t\t\t\t<\/span>\n\t\t\t\t\t\t\t\t\t\t\t\t<a class=\"elementor-accordion-title\" href=\"\">DIE SPRECHER<\/a>\n\t\t\t\t\t<\/div>\n\t\t\t\t\t<div id=\"elementor-tab-content-2042\" class=\"elementor-tab-content elementor-clearfix\" data-tab=\"2\" role=\"tabpanel\" aria-labelledby=\"elementor-tab-title-2042\"><p class=\"p1\"><strong><i>ANTONIO BORRI | Direktor von Ranking Road Italia<\/i><\/strong><\/p>\n<p class=\"p1\">Seit dem Jahr 2000 ist Antonio Borri als leidenschaftlicher Experte f\u00fcr digitales Marketing und Kommunikationstechniken aktiv t\u00e4tig und gilt als Pionier der Suchmaschinenoptimierung in Italien. Im Jahr 2014 gr\u00fcndete er das Unternehmen Ranking Road, welches sich auf internationales, digitales Marketing spezialisiert hat und dessen Direktor er heute ist.<br \/>In den letzten 7 Jahren hat er sich auf Lead-Generierungsaktivit\u00e4ten spezialisiert, die darauf abzielen, mit Hilfe digitaler Medien neue Gesch\u00e4ftsm\u00f6glichkeiten zu erschlie\u00dfen.<\/p>\n<p class=\"p1\"><strong><i>ROLAND DEBRABANT | Direktor von Ranking Road Frankreich<\/i><\/strong><\/p>\n<p class=\"p1\">Roland ist Autodidakt und besch\u00e4ftigt sich seit 2007 leidenschaftlich mit SEO und Web-Innovation. Im Jahr 2014 war er zusammen mit Antonio Borri an der Gr\u00fcndung des Netzwerks Ranking Road beteiligt, einer auf digitales Marketing spezialisierten Agentur. Parallel dazu baut er in Frankreich sein Fachwissen \u00fcber die digitale Transformation von Unternehmen aus.<\/p>\n<p class=\"p1\"><strong><i>PETER ILIAN | Direktor von Road Ranking Deutschland<\/i><\/strong><\/p>\n<p class=\"p1\">Als Stratege, der stets zuerst das Gesch\u00e4ft seiner Kunden genau zu verstehen versucht, bevor er die passenden Strategien entwickelt \u2013 um diese dann in Online-Marketing-Ma\u00dfnahmen zu \u00fcbersetzen und ein Mehrwert f\u00fcr alle Beteiligten zu generieren.<br \/>Seit mehr als 10 Jahren im Bereich Online-Marketing aktiv, gr\u00fcndete er im Jahr 2013 mit seinem Gesch\u00e4ftspartner seine erste eigene Online-Marketing-Agentur. In dem Bestreben auf bewehrtes zu vertrauen und stets neue Wege zu gehen, trat er 2021 als Teil von Ranking Road auf das internationale Pakett.<\/p>\n<p class=\"p1\"><strong><i>ALESSANDRA SORRENTINO | Marketingleiterin von Studio Tre <\/i><\/strong><\/p>\n<p>Sie denkt beruflich \u00fcber Marketingstrategien nach und wurde aus Leidenschaft Bloggerin. Sie liebt SEO und die unz\u00e4hligen Nuancen, die sich hinter jeder Sprache und Kultur verbergen, und glaubt fest an die transformative Kraft von Worten. Seit 2019 ist er Marketing Manager bei STUDIO TRE.<\/p>\n<\/div>\n\t\t\t\t<\/div>\n\t\t\t\t\t\t\t<div class=\"elementor-accordion-item\">\n\t\t\t\t\t<div id=\"elementor-tab-title-2043\" class=\"elementor-tab-title\" data-tab=\"3\" role=\"tab\" aria-controls=\"elementor-tab-content-2043\" aria-expanded=\"false\">\n\t\t\t\t\t\t\t\t\t\t\t\t\t<span class=\"elementor-accordion-icon elementor-accordion-icon-left\" aria-hidden=\"true\">\n\t\t\t\t\t\t\t\t\t\t\t\t\t\t\t<span class=\"elementor-accordion-icon-closed\"><i class=\"fas fa-plus\"><\/i><\/span>\n\t\t\t\t\t\t\t\t<span class=\"elementor-accordion-icon-opened\"><i class=\"fas fa-minus\"><\/i><\/span>\n\t\t\t\t\t\t\t\t\t\t\t\t\t\t<\/span>\n\t\t\t\t\t\t\t\t\t\t\t\t<a class=\"elementor-accordion-title\" href=\"\">WARUM D\u00dcRFEN SIE DIESE WEBSHOW NICHT VERPASSEN?<\/a>\n\t\t\t\t\t<\/div>\n\t\t\t\t\t<div id=\"elementor-tab-content-2043\" class=\"elementor-tab-content elementor-clearfix\" data-tab=\"3\" role=\"tabpanel\" aria-labelledby=\"elementor-tab-title-2043\"><ul>\n<li>es werden nur echte F\u00e4lle analysiert und besprochen,<\/li>\n<li>Sie haben die M\u00f6glichkeit, Ihre Fragen direkt \u00fcber unseren Live-Stream an unsere Experten f\u00fcr Digitales Marketing zu richten,<\/li>\n<li>Sie erhalten konkrete Ideen und Empfehlungen, wie Sie das Beste aus digitalisierten Marketingaktivit\u00e4ten auf ausl\u00e4ndischen M\u00e4rkten machen k\u00f6nnen,<\/li>\n<li>Sie und Ihr Unternehmen k\u00f6nnen von unserem umfangreichen Know-how und von unseren langj\u00e4hrigen Erfahrungen auf dem Gebiet international ausgerichteter Marketingaktivit\u00e4ten profitieren.<\/li>\n<\/ul>\n<\/div>\n\t\t\t\t<\/div>\n\t\t\t\t\t\t\t<div class=\"elementor-accordion-item\">\n\t\t\t\t\t<div id=\"elementor-tab-title-2044\" class=\"elementor-tab-title\" data-tab=\"4\" role=\"tab\" aria-controls=\"elementor-tab-content-2044\" aria-expanded=\"false\">\n\t\t\t\t\t\t\t\t\t\t\t\t\t<span class=\"elementor-accordion-icon elementor-accordion-icon-left\" aria-hidden=\"true\">\n\t\t\t\t\t\t\t\t\t\t\t\t\t\t\t<span class=\"elementor-accordion-icon-closed\"><i class=\"fas fa-plus\"><\/i><\/span>\n\t\t\t\t\t\t\t\t<span class=\"elementor-accordion-icon-opened\"><i class=\"fas fa-minus\"><\/i><\/span>\n\t\t\t\t\t\t\t\t\t\t\t\t\t\t<\/span>\n\t\t\t\t\t\t\t\t\t\t\t\t<a class=\"elementor-accordion-title\" href=\"\">WIE MAN TEILNEHMEN KANN<\/a>\n\t\t\t\t\t<\/div>\n\t\t\t\t\t<div id=\"elementor-tab-content-2044\" class=\"elementor-tab-content elementor-clearfix\" data-tab=\"4\" role=\"tabpanel\" aria-labelledby=\"elementor-tab-title-2044\"><p>Um an der Webshow<strong>\u201cGlobal Success, Local Digital Expertise\u201d<\/strong> teilzunehmen, registrieren Sie sich einfach \u00fcber das Formular am Ende dieser Seite.<\/p>\n<p>Die Veranstaltung findet \u00fcber Zoom statt.<\/p>\n<p>Alle Teilnehmer erhalten am Vortag eine E-Mail mit einem Link zum virtuellen Konferenz-Raum.<\/p>\n<p>Die Fortbildungsveranstaltung ist kostenlos &#8211; lassen Sie sich diese Gelegenheit nicht entgehen.<\/p>\n<\/div>\n\t\t\t\t<\/div>\n\t\t\t\t\t\t\t\t<\/div>\n\t\t\t\t<\/div>\n\t\t\t\t<\/div>\n\t\t\t\t<div class=\"elementor-element elementor-element-7194e36 elementor-align-center elementor-invisible elementor-widget elementor-widget-button\" data-id=\"7194e36\" data-element_type=\"widget\" data-settings=\"{&quot;_animation&quot;:&quot;fadeIn&quot;,&quot;_animation_delay&quot;:1100}\" data-widget_type=\"button.default\">\n\t\t\t\t<div class=\"elementor-widget-container\">\n\t\t\t\t\t<div class=\"elementor-button-wrapper\">\n\t\t\t<a href=\"#laprenotazione\" class=\"elementor-button-link elementor-button elementor-size-md\" role=\"button\">\n\t\t\t\t\t\t<span class=\"elementor-button-content-wrapper\">\n\t\t\t\t\t\t<span class=\"elementor-button-text\">Jetzt buchen<\/span>\n\t\t<\/span>\n\t\t\t\t\t<\/a>\n\t\t<\/div>\n\t\t\t\t<\/div>\n\t\t\t\t<\/div>\n\t\t\t\t\t\t<\/div>\n\t\t\t\t\t<\/div>\n\t\t<\/div>\n\t\t\t\t\t\t\t\t<\/div>\n\t\t\t\t\t<\/div>\n\t\t<\/section>\n\t\t\t\t<section class=\"elementor-section elementor-top-section elementor-element elementor-element-115d255 elementor-section-boxed elementor-section-height-default elementor-section-height-default\" data-id=\"115d255\" data-element_type=\"section\" id=\"laprenotazione\">\n\t\t\t\t\t\t<div class=\"elementor-container elementor-column-gap-default\">\n\t\t\t\t\t\t\t<div class=\"elementor-row\">\n\t\t\t\t\t<div class=\"elementor-column elementor-col-100 elementor-top-column elementor-element elementor-element-c36c6c6\" data-id=\"c36c6c6\" data-element_type=\"column\">\n\t\t\t<div class=\"elementor-column-wrap elementor-element-populated\">\n\t\t\t\t\t\t\t<div class=\"elementor-widget-wrap\">\n\t\t\t\t\t\t<div class=\"elementor-element elementor-element-4284bea elementor-widget elementor-widget-heading\" data-id=\"4284bea\" data-element_type=\"widget\" data-widget_type=\"heading.default\">\n\t\t\t\t<div class=\"elementor-widget-container\">\n\t\t\t<h2 class=\"elementor-heading-title elementor-size-default\">Buchung<\/h2>\t\t<\/div>\n\t\t\t\t<\/div>\n\t\t\t\t<div class=\"elementor-element elementor-element-8096777 elementor-widget elementor-widget-html\" data-id=\"8096777\" data-element_type=\"widget\" data-widget_type=\"html.default\">\n\t\t\t\t<div class=\"elementor-widget-container\">\n\t\t\t<!-- Calendly inline widget begin -->\n<div class=\"calendly-inline-widget\" data-url=\"https:\/\/calendly.com\/rankingroad-webshow\/webshow-februar-2022_de?text_color=00120b&amp;primary_color=07BBFE\" style=\"min-width:320px;height:630px;\"><\/div>\n<script type=\"text\/javascript\" src=\"https:\/\/assets.calendly.com\/assets\/external\/widget.js\" async=\"\"><\/script>\n<!-- Calendly inline widget end -->\t\t<\/div>\n\t\t\t\t<\/div>\n\t\t\t\t\t\t<\/div>\n\t\t\t\t\t<\/div>\n\t\t<\/div>\n\t\t\t\t\t\t\t\t<\/div>\n\t\t\t\t\t<\/div>\n\t\t<\/section>\n\t\t\t\t\t\t<\/div>\n\t\t\t\t\t\t<\/div>\n\t\t\t\t\t<\/div>\n\t\t","protected":false},"excerpt":{"rendered":"<p>DIE INTERNATIONALE WEBSHOW MADE IN RANKING ROAD 15. Februar 2022 | Von 09:45 Uhr bis 11:45 Uhr Sprachliche und kulturelle Barrieren, Kaufgewohnheiten sowie spezielle und typische Besonderheiten eines Landes oder einer Region k\u00f6nnen zu echten Hindernissen f\u00fcr internationale Marketingaktivit\u00e4ten werden. Dies gilt umso mehr f\u00fcr die digitalen Marketingaktivit\u00e4ten. Dies gilt umso mehr f\u00fcr die digitalen [&hellip;]<\/p>\n","protected":false},"author":2,"featured_media":0,"parent":0,"menu_order":0,"comment_status":"closed","ping_status":"closed","template":"","meta":[],"yoast_head":"<!-- This site is optimized with the Yoast SEO plugin v18.0 - https:\/\/yoast.com\/wordpress\/plugins\/seo\/ -->\n<title>Global Success, Local Digital Expertise - Workshop<\/title>\n<meta name=\"description\" content=\"Wie Sie sprachliche und kulturelle Hindernisse in eine St\u00e4rke f\u00fcr Ihr internationales Gesch\u00e4ft verwandeln k\u00f6nnen.\" \/>\n<meta name=\"robots\" content=\"index, follow, max-snippet:-1, max-image-preview:large, max-video-preview:-1\" \/>\n<link rel=\"canonical\" href=\"https:\/\/webshow.rankingroad.com\/de\/\" \/>\n<meta property=\"og:locale\" content=\"de_DE\" \/>\n<meta property=\"og:type\" content=\"article\" \/>\n<meta property=\"og:title\" content=\"Global Success, Local Digital Expertise - Workshop\" \/>\n<meta property=\"og:description\" content=\"Wie Sie sprachliche und kulturelle Hindernisse in eine St\u00e4rke f\u00fcr Ihr internationales Gesch\u00e4ft verwandeln k\u00f6nnen.\" \/>\n<meta property=\"og:url\" content=\"https:\/\/webshow.rankingroad.com\/de\/\" \/>\n<meta property=\"og:site_name\" content=\"Webshow Ranking Road\" \/>\n<meta property=\"article:modified_time\" content=\"2022-02-03T16:53:25+00:00\" \/>\n<meta name=\"twitter:card\" content=\"summary_large_image\" \/>\n<meta name=\"twitter:label1\" content=\"Gesch\u00e4tzte Lesezeit\" \/>\n\t<meta name=\"twitter:data1\" content=\"4\u00a0Minuten\" \/>\n<script type=\"application\/ld+json\" class=\"yoast-schema-graph\">{\"@context\":\"https:\/\/schema.org\",\"@graph\":[{\"@type\":\"WebSite\",\"@id\":\"https:\/\/webshow.rankingroad.com\/#website\",\"url\":\"https:\/\/webshow.rankingroad.com\/\",\"name\":\"Webshow Ranking Road\",\"description\":\"\",\"potentialAction\":[{\"@type\":\"SearchAction\",\"target\":{\"@type\":\"EntryPoint\",\"urlTemplate\":\"https:\/\/webshow.rankingroad.com\/?s={search_term_string}\"},\"query-input\":\"required name=search_term_string\"}],\"inLanguage\":\"de\"},{\"@type\":\"WebPage\",\"@id\":\"https:\/\/webshow.rankingroad.com\/de\/#webpage\",\"url\":\"https:\/\/webshow.rankingroad.com\/de\/\",\"name\":\"Global Success, Local Digital Expertise - Workshop\",\"isPartOf\":{\"@id\":\"https:\/\/webshow.rankingroad.com\/#website\"},\"datePublished\":\"2022-01-26T09:28:01+00:00\",\"dateModified\":\"2022-02-03T16:53:25+00:00\",\"description\":\"Wie Sie sprachliche und kulturelle Hindernisse in eine St\u00e4rke f\u00fcr Ihr internationales Gesch\u00e4ft verwandeln k\u00f6nnen.\",\"breadcrumb\":{\"@id\":\"https:\/\/webshow.rankingroad.com\/de\/#breadcrumb\"},\"inLanguage\":\"de\",\"potentialAction\":[{\"@type\":\"ReadAction\",\"target\":[\"https:\/\/webshow.rankingroad.com\/de\/\"]}]},{\"@type\":\"BreadcrumbList\",\"@id\":\"https:\/\/webshow.rankingroad.com\/de\/#breadcrumb\",\"itemListElement\":[{\"@type\":\"ListItem\",\"position\":1,\"name\":\"Home\",\"item\":\"https:\/\/webshow.rankingroad.com\/de\/\"},{\"@type\":\"ListItem\",\"position\":2,\"name\":\"Unternehmer HomePage\"}]}]}<\/script>\n<!-- \/ Yoast SEO plugin. -->","yoast_head_json":{"title":"Global Success, Local Digital Expertise - Workshop","description":"Wie Sie sprachliche und kulturelle Hindernisse in eine St\u00e4rke f\u00fcr Ihr internationales Gesch\u00e4ft verwandeln k\u00f6nnen.","robots":{"index":"index","follow":"follow","max-snippet":"max-snippet:-1","max-image-preview":"max-image-preview:large","max-video-preview":"max-video-preview:-1"},"canonical":"https:\/\/webshow.rankingroad.com\/de\/","og_locale":"de_DE","og_type":"article","og_title":"Global Success, Local Digital Expertise - Workshop","og_description":"Wie Sie sprachliche und kulturelle Hindernisse in eine St\u00e4rke f\u00fcr Ihr internationales Gesch\u00e4ft verwandeln k\u00f6nnen.","og_url":"https:\/\/webshow.rankingroad.com\/de\/","og_site_name":"Webshow Ranking Road","article_modified_time":"2022-02-03T16:53:25+00:00","twitter_card":"summary_large_image","twitter_misc":{"Gesch\u00e4tzte Lesezeit":"4\u00a0Minuten"},"schema":{"@context":"https:\/\/schema.org","@graph":[{"@type":"WebSite","@id":"https:\/\/webshow.rankingroad.com\/#website","url":"https:\/\/webshow.rankingroad.com\/","name":"Webshow Ranking Road","description":"","potentialAction":[{"@type":"SearchAction","target":{"@type":"EntryPoint","urlTemplate":"https:\/\/webshow.rankingroad.com\/?s={search_term_string}"},"query-input":"required name=search_term_string"}],"inLanguage":"de"},{"@type":"WebPage","@id":"https:\/\/webshow.rankingroad.com\/de\/#webpage","url":"https:\/\/webshow.rankingroad.com\/de\/","name":"Global Success, Local Digital Expertise - Workshop","isPartOf":{"@id":"https:\/\/webshow.rankingroad.com\/#website"},"datePublished":"2022-01-26T09:28:01+00:00","dateModified":"2022-02-03T16:53:25+00:00","description":"Wie Sie sprachliche und kulturelle Hindernisse in eine St\u00e4rke f\u00fcr Ihr internationales Gesch\u00e4ft verwandeln k\u00f6nnen.","breadcrumb":{"@id":"https:\/\/webshow.rankingroad.com\/de\/#breadcrumb"},"inLanguage":"de","potentialAction":[{"@type":"ReadAction","target":["https:\/\/webshow.rankingroad.com\/de\/"]}]},{"@type":"BreadcrumbList","@id":"https:\/\/webshow.rankingroad.com\/de\/#breadcrumb","itemListElement":[{"@type":"ListItem","position":1,"name":"Home","item":"https:\/\/webshow.rankingroad.com\/de\/"},{"@type":"ListItem","position":2,"name":"Unternehmer HomePage"}]}]}},"_links":{"self":[{"href":"https:\/\/webshow.rankingroad.com\/de\/wp-json\/wp\/v2\/pages\/1060"}],"collection":[{"href":"https:\/\/webshow.rankingroad.com\/de\/wp-json\/wp\/v2\/pages"}],"about":[{"href":"https:\/\/webshow.rankingroad.com\/de\/wp-json\/wp\/v2\/types\/page"}],"author":[{"embeddable":true,"href":"https:\/\/webshow.rankingroad.com\/de\/wp-json\/wp\/v2\/users\/2"}],"replies":[{"embeddable":true,"href":"https:\/\/webshow.rankingroad.com\/de\/wp-json\/wp\/v2\/comments?post=1060"}],"version-history":[{"count":20,"href":"https:\/\/webshow.rankingroad.com\/de\/wp-json\/wp\/v2\/pages\/1060\/revisions"}],"predecessor-version":[{"id":1154,"href":"https:\/\/webshow.rankingroad.com\/de\/wp-json\/wp\/v2\/pages\/1060\/revisions\/1154"}],"wp:attachment":[{"href":"https:\/\/webshow.rankingroad.com\/de\/wp-json\/wp\/v2\/media?parent=1060"}],"curies":[{"name":"wp","href":"https:\/\/api.w.org\/{rel}","templated":true}]}}