{"id":1040,"date":"2022-01-26T10:03:23","date_gmt":"2022-01-26T09:03:23","guid":{"rendered":"https:\/\/webshow.rankingroad.com\/page-daccueil-des-entrepreneurs\/"},"modified":"2022-01-31T12:37:54","modified_gmt":"2022-01-31T11:37:54","slug":"page-daccueil-des-entrepreneurs","status":"publish","type":"page","link":"https:\/\/webshow.rankingroad.com\/fr\/","title":{"rendered":"Page d&rsquo;accueil des entrepreneurs"},"content":{"rendered":"\t\t<div data-elementor-type=\"wp-page\" data-elementor-id=\"1040\" class=\"elementor elementor-1040 elementor-8\" data-elementor-settings=\"[]\">\n\t\t\t\t\t\t<div class=\"elementor-inner\">\n\t\t\t\t\t\t\t<div class=\"elementor-section-wrap\">\n\t\t\t\t\t\t\t<section class=\"elementor-section elementor-top-section elementor-element elementor-element-5738ffd elementor-section-stretched elementor-section-boxed elementor-section-height-default elementor-section-height-default\" data-id=\"5738ffd\" data-element_type=\"section\" data-settings=\"{&quot;stretch_section&quot;:&quot;section-stretched&quot;,&quot;background_background&quot;:&quot;classic&quot;,&quot;shape_divider_bottom&quot;:&quot;triangle-asymmetrical&quot;}\">\n\t\t\t\t\t<div class=\"elementor-shape elementor-shape-bottom\" data-negative=\"false\">\n\t\t\t<svg xmlns=\"http:\/\/www.w3.org\/2000\/svg\" viewBox=\"0 0 1000 100\" preserveAspectRatio=\"none\">\n\t<path class=\"elementor-shape-fill\" d=\"M738,99l262-93V0H0v5.6L738,99z\"\/>\n<\/svg>\t\t<\/div>\n\t\t\t\t\t<div class=\"elementor-container elementor-column-gap-default\">\n\t\t\t\t\t\t\t<div class=\"elementor-row\">\n\t\t\t\t\t<div class=\"elementor-column elementor-col-100 elementor-top-column elementor-element elementor-element-6b52c1d\" data-id=\"6b52c1d\" data-element_type=\"column\">\n\t\t\t<div class=\"elementor-column-wrap elementor-element-populated\">\n\t\t\t\t\t\t\t<div class=\"elementor-widget-wrap\">\n\t\t\t\t\t\t<div class=\"elementor-element elementor-element-864fb85 elementor-widget elementor-widget-heading\" data-id=\"864fb85\" data-element_type=\"widget\" data-widget_type=\"heading.default\">\n\t\t\t\t<div class=\"elementor-widget-container\">\n\t\t\t<h2 class=\"elementor-heading-title elementor-size-default\">LE WEBSHOW INTERNATIONAL<br> MADE IN RANKING ROAD<\/h2>\t\t<\/div>\n\t\t\t\t<\/div>\n\t\t\t\t<div class=\"elementor-element elementor-element-f008f78 elementor-widget elementor-widget-heading\" data-id=\"f008f78\" data-element_type=\"widget\" data-widget_type=\"heading.default\">\n\t\t\t\t<div class=\"elementor-widget-container\">\n\t\t\t<h2 class=\"elementor-heading-title elementor-size-default\">22 f\u00e9vrier 2022 | 9 h 45 - 11 h 45<\/h2>\t\t<\/div>\n\t\t\t\t<\/div>\n\t\t\t\t<div class=\"elementor-element elementor-element-c47a376 elementor-widget elementor-widget-heading\" data-id=\"c47a376\" data-element_type=\"widget\" data-widget_type=\"heading.default\">\n\t\t\t\t<div class=\"elementor-widget-container\">\n\t\t\t<h2 class=\"elementor-heading-title elementor-size-default\">Les barri\u00e8res linguistiques, les barri\u00e8res culturelles, les habitudes d'achat et les caract\u00e9ristiques typiques d'un territoire ou d'un pays peuvent devenir de v\u00e9ritables obstacles aux op\u00e9rations de marketing international. C'est encore plus vrai lorsqu'il s'agit d'activit\u00e9s de marketing num\u00e9rique. <\/h2>\t\t<\/div>\n\t\t\t\t<\/div>\n\t\t\t\t<div class=\"elementor-element elementor-element-962aba6 elementor-widget elementor-widget-heading\" data-id=\"962aba6\" data-element_type=\"widget\" data-widget_type=\"heading.default\">\n\t\t\t\t<div class=\"elementor-widget-container\">\n\t\t\t<h2 class=\"elementor-heading-title elementor-size-default\">Comment faire de ces obstacles une force<br> pour votre entreprise internationale ?<\/h2>\t\t<\/div>\n\t\t\t\t<\/div>\n\t\t\t\t<div class=\"elementor-element elementor-element-cb423b2 elementor-widget elementor-widget-heading\" data-id=\"cb423b2\" data-element_type=\"widget\" data-widget_type=\"heading.default\">\n\t\t\t\t<div class=\"elementor-widget-container\">\n\t\t\t<h2 class=\"elementor-heading-title elementor-size-default\">Nous en parlons dans le premier Webshow 2022 sign\u00e9 Ranking Road avec les trois directeurs des bureaux en Italie, en France et en Allemagne. \u00c0 travers l'analyse de projets num\u00e9riques B2B ET B2C, ces trois sp\u00e9cialistes du marketing num\u00e9rique mettront en \u00e9vidence les caract\u00e9ristiques les plus importantes qu'une entreprise doit mettre en pratique pour am\u00e9liorer ou entreprendre un marketing num\u00e9rique international.<\/h2>\t\t<\/div>\n\t\t\t\t<\/div>\n\t\t\t\t<div class=\"elementor-element elementor-element-f3c78a8 elementor-widget elementor-widget-heading\" data-id=\"f3c78a8\" data-element_type=\"widget\" data-widget_type=\"heading.default\">\n\t\t\t\t<div class=\"elementor-widget-container\">\n\t\t\t<h2 class=\"elementor-heading-title elementor-size-default\">Un webshow bas\u00e9 uniquement sur des cas concrets gr\u00e2ce auxquels ils analyseront : <\/h2>\t\t<\/div>\n\t\t\t\t<\/div>\n\t\t\t\t<div class=\"elementor-element elementor-element-9aebb03 elementor-align-center elementor-mobile-align-left elementor-icon-list--layout-traditional elementor-list-item-link-full_width elementor-widget elementor-widget-icon-list\" data-id=\"9aebb03\" data-element_type=\"widget\" data-widget_type=\"icon-list.default\">\n\t\t\t\t<div class=\"elementor-widget-container\">\n\t\t\t\t\t<ul class=\"elementor-icon-list-items\">\n\t\t\t\t\t\t\t<li class=\"elementor-icon-list-item\">\n\t\t\t\t\t\t\t\t\t\t\t<span class=\"elementor-icon-list-icon\">\n\t\t\t\t\t\t\t<i aria-hidden=\"true\" class=\"fas fa-check\"><\/i>\t\t\t\t\t\t<\/span>\n\t\t\t\t\t\t\t\t\t\t<span class=\"elementor-icon-list-text\">Local look &amp; feel<\/span>\n\t\t\t\t\t\t\t\t\t<\/li>\n\t\t\t\t\t\t\t\t<li class=\"elementor-icon-list-item\">\n\t\t\t\t\t\t\t\t\t\t\t<span class=\"elementor-icon-list-icon\">\n\t\t\t\t\t\t\t<i aria-hidden=\"true\" class=\"fas fa-check\"><\/i>\t\t\t\t\t\t<\/span>\n\t\t\t\t\t\t\t\t\t\t<span class=\"elementor-icon-list-text\">Habitudes et aspects culturels<\/span>\n\t\t\t\t\t\t\t\t\t<\/li>\n\t\t\t\t\t\t\t\t<li class=\"elementor-icon-list-item\">\n\t\t\t\t\t\t\t\t\t\t\t<span class=\"elementor-icon-list-icon\">\n\t\t\t\t\t\t\t<i aria-hidden=\"true\" class=\"fas fa-check\"><\/i>\t\t\t\t\t\t<\/span>\n\t\t\t\t\t\t\t\t\t\t<span class=\"elementor-icon-list-text\">Langue<\/span>\n\t\t\t\t\t\t\t\t\t<\/li>\n\t\t\t\t\t\t\t\t<li class=\"elementor-icon-list-item\">\n\t\t\t\t\t\t\t\t\t\t\t<span class=\"elementor-icon-list-icon\">\n\t\t\t\t\t\t\t<i aria-hidden=\"true\" class=\"fas fa-check\"><\/i>\t\t\t\t\t\t<\/span>\n\t\t\t\t\t\t\t\t\t\t<span class=\"elementor-icon-list-text\">Mots-cl\u00e9s<\/span>\n\t\t\t\t\t\t\t\t\t<\/li>\n\t\t\t\t\t\t\t\t<li class=\"elementor-icon-list-item\">\n\t\t\t\t\t\t\t\t\t\t\t<span class=\"elementor-icon-list-icon\">\n\t\t\t\t\t\t\t<i aria-hidden=\"true\" class=\"fas fa-check\"><\/i>\t\t\t\t\t\t<\/span>\n\t\t\t\t\t\t\t\t\t\t<span class=\"elementor-icon-list-text\">Aspects techniques<\/span>\n\t\t\t\t\t\t\t\t\t<\/li>\n\t\t\t\t\t\t<\/ul>\n\t\t\t\t<\/div>\n\t\t\t\t<\/div>\n\t\t\t\t<div class=\"elementor-element elementor-element-c323062 elementor-widget elementor-widget-accordion\" data-id=\"c323062\" data-element_type=\"widget\" id=\"relatori\" data-widget_type=\"accordion.default\">\n\t\t\t\t<div class=\"elementor-widget-container\">\n\t\t\t\t\t<div class=\"elementor-accordion\" role=\"tablist\">\n\t\t\t\t\t\t\t<div class=\"elementor-accordion-item\">\n\t\t\t\t\t<div id=\"elementor-tab-title-2041\" class=\"elementor-tab-title\" data-tab=\"1\" role=\"tab\" aria-controls=\"elementor-tab-content-2041\" aria-expanded=\"false\">\n\t\t\t\t\t\t\t\t\t\t\t\t\t<span class=\"elementor-accordion-icon elementor-accordion-icon-left\" aria-hidden=\"true\">\n\t\t\t\t\t\t\t\t\t\t\t\t\t\t\t<span class=\"elementor-accordion-icon-closed\"><i class=\"fas fa-plus\"><\/i><\/span>\n\t\t\t\t\t\t\t\t<span class=\"elementor-accordion-icon-opened\"><i class=\"fas fa-minus\"><\/i><\/span>\n\t\t\t\t\t\t\t\t\t\t\t\t\t\t<\/span>\n\t\t\t\t\t\t\t\t\t\t\t\t<a class=\"elementor-accordion-title\" href=\"\">PROGRAMME<\/a>\n\t\t\t\t\t<\/div>\n\t\t\t\t\t<div id=\"elementor-tab-content-2041\" class=\"elementor-tab-content elementor-clearfix\" data-tab=\"1\" role=\"tabpanel\" aria-labelledby=\"elementor-tab-title-2041\"><div class=\"pagetre\">\n<table>\n<tbody>\n<tr>\n<td>\n<div class=\"layoutArea\">\n<div class=\"column\">\n<p><b>09:45 &#8211; 09:50<\/b><\/p>\n<\/div>\n<\/div>\n<\/td>\n<td>\n<div class=\"layoutArea\">\n<div class=\"column\">\n<p>Message de bienvenue et introduction aux travaux<\/p>\n<\/div>\n<\/div>\n<\/td>\n<td>\n<div class=\"layoutArea\">\n<div class=\"column\">\n<p>Antonio Borri<\/p>\n<\/div>\n<\/div>\n<\/td>\n<\/tr>\n<tr>\n<td>\n<div class=\"layoutArea\">\n<div class=\"column\">\n<p><b>09:50 &#8211; 10:15<\/b><\/p>\n<\/div>\n<\/div>\n<\/td>\n<td>\n<div class=\"layoutArea\">\n<div class=\"column\">\n<p>Analyse des sites allemands<\/p>\n<\/div>\n<\/div>\n<\/td>\n<td>\n<div class=\"layoutArea\">\n<div class=\"column\">\n<p>Peter Ilian \u2013 Roland Debrabant \u2013 Antonio Borri<\/p>\n<\/div>\n<\/div>\n<\/td>\n<\/tr>\n<tr>\n<td>\n<div class=\"layoutArea\">\n<div class=\"column\">\n<p><b>10:15 &#8211; 10:40<\/b><\/p>\n<\/div>\n<\/div>\n<\/td>\n<td>\n<div class=\"layoutArea\">\n<div class=\"column\">\n<p>Analyse des sites en fran\u00e7ais<\/p>\n<\/div>\n<\/div>\n<\/td>\n<td>\n<div class=\"layoutArea\">\n<div class=\"column\">\n<p>Roland Debrabant \u2013 Peter Ilian \u2013 Antonio Borri<\/p>\n<\/div>\n<\/div>\n<\/td>\n<\/tr>\n<tr>\n<td>\n<div class=\"layoutArea\">\n<div class=\"column\">\n<p><b>10:40 &#8211; 11:05<\/b><\/p>\n<\/div>\n<\/div>\n<\/td>\n<td>\n<div class=\"layoutArea\">\n<div class=\"column\">\n<p>Analyse des sites italiens<\/p>\n<\/div>\n<\/div>\n<\/td>\n<td>\n<div class=\"layoutArea\">\n<div class=\"column\">\n<p>Antonio Borri \u2013 Roland Debrabant \u2013 Peter Ilian<\/p>\n<\/div>\n<\/div>\n<\/td>\n<\/tr>\n<tr>\n<td>\n<div class=\"layoutArea\">\n<div class=\"column\">\n<p><b>10:40 &#8211; 11:05<br \/>\n<\/b><\/p>\n<\/div>\n<\/div>\n<\/td>\n<td>\n<div class=\"layoutArea\">\n<div class=\"column\">\n<p>La traduction au service du marketing num\u00e9rique international<\/p>\n<\/div>\n<\/div>\n<\/td>\n<td>\n<div class=\"layoutArea\">\n<div class=\"column\">\n<p>Alessandra Sorrentino<\/p>\n<\/div>\n<\/div>\n<\/td>\n<\/tr>\n<tr>\n<td>\n<div class=\"layoutArea\">\n<div class=\"column\">\n<p><b>11:20 &#8211; 11:40<br \/>\n<\/b><\/p>\n<\/div>\n<\/div>\n<\/td>\n<td>\n<div class=\"layoutArea\">\n<div class=\"column\">\n<p>Espace pour les questions<\/p>\n<\/div>\n<\/div>\n<\/td>\n<td>\n<div class=\"layoutArea\">\n<div class=\"column\">\n<p>Table ronde<\/p>\n<\/div>\n<\/div>\n<\/td>\n<\/tr>\n<tr>\n<td>\n<div class=\"layoutArea\">\n<div class=\"column\">\n<p><b>11:40 &#8211; 11:45<\/b><\/p>\n<\/div>\n<\/div>\n<\/td>\n<td>\n<div class=\"layoutArea\">\n<div class=\"column\">\n<p>Remarques finales<\/p>\n<\/div>\n<\/div>\n<\/td>\n<td>\n<div class=\"layoutArea\">\n<div class=\"column\">\n<p>Antonio Borri<\/p>\n<\/div>\n<\/div>\n<\/td>\n<\/tr>\n<\/tbody>\n<\/table>\n<\/div>\n<\/div>\n\t\t\t\t<\/div>\n\t\t\t\t\t\t\t<div class=\"elementor-accordion-item\">\n\t\t\t\t\t<div id=\"elementor-tab-title-2042\" class=\"elementor-tab-title\" data-tab=\"2\" role=\"tab\" aria-controls=\"elementor-tab-content-2042\" aria-expanded=\"false\">\n\t\t\t\t\t\t\t\t\t\t\t\t\t<span class=\"elementor-accordion-icon elementor-accordion-icon-left\" aria-hidden=\"true\">\n\t\t\t\t\t\t\t\t\t\t\t\t\t\t\t<span class=\"elementor-accordion-icon-closed\"><i class=\"fas fa-plus\"><\/i><\/span>\n\t\t\t\t\t\t\t\t<span class=\"elementor-accordion-icon-opened\"><i class=\"fas fa-minus\"><\/i><\/span>\n\t\t\t\t\t\t\t\t\t\t\t\t\t\t<\/span>\n\t\t\t\t\t\t\t\t\t\t\t\t<a class=\"elementor-accordion-title\" href=\"\">LES CONF\u00c9RENCIERS<\/a>\n\t\t\t\t\t<\/div>\n\t\t\t\t\t<div id=\"elementor-tab-content-2042\" class=\"elementor-tab-content elementor-clearfix\" data-tab=\"2\" role=\"tabpanel\" aria-labelledby=\"elementor-tab-title-2042\"><p class=\"p1\"><strong><i>ANTONIO BORRI | Directeur RankingRoad<\/i><\/strong><\/p>\n<p class=\"p1\">Passionn\u00e9 et expert depuis toujours des techniques de communication et du marketing digital, secteur dans lequel il travaille depuis 2000, et pionnier du SEO en Italie, il a fond\u00e9 en 2014 Ranking Road, une soci\u00e9t\u00e9 sp\u00e9cialis\u00e9e dans le marketing digital international, dont il est aujourd&rsquo;hui le directeur.<br \/>\nCes derni\u00e8res ann\u00e9es, 7 s&rsquo;est sp\u00e9cialis\u00e9 dans les activit\u00e9s de g\u00e9n\u00e9ration de leads orient\u00e9es vers la recherche de nouvelles affaires gr\u00e2ce au num\u00e9rique.<\/p>\n<p class=\"p1\"><strong><i>ROLAND DEBRABANT | Directeur Road Ranking France<\/i><\/strong><\/p>\n<p class=\"p1\">Autodidacte, Roland se passionne pour le r\u00e9f\u00e9rencement et l&rsquo;innovation web depuis 2007. En 2014, avec Antonio Borri, il a particip\u00e9 \u00e0 la fondation du r\u00e9seau Ranking Road, une agence sp\u00e9cialis\u00e9e dans le marketing num\u00e9rique. En parall\u00e8le, il d\u00e9veloppe son expertise en France dans la transformation num\u00e9rique des entreprises.<\/p>\n<p class=\"p1\"><strong><i>PETER ILIAN | Directeur Road Ranking Allemagne<\/i><\/strong><\/p>\n<p class=\"p1\">&#8212;<\/p>\n<p class=\"p1\"><strong><i>ALESSANDRA SORRENTINO | Responsable du marketing du Studio Tre <\/i><\/strong><\/p>\n<p>Elle r\u00e9fl\u00e9chit \u00e0 des strat\u00e9gies de marketing pour gagner sa vie et est devenue blogueuse par passion. Amoureuse du r\u00e9f\u00e9rencement et des myriades de nuances que rec\u00e8lent chaque langue et chaque culture, elle croit fermement au pouvoir transformateur des mots. Il est responsable du marketing chez STUDIO TRE depuis 2019.<\/p>\n<\/div>\n\t\t\t\t<\/div>\n\t\t\t\t\t\t\t<div class=\"elementor-accordion-item\">\n\t\t\t\t\t<div id=\"elementor-tab-title-2043\" class=\"elementor-tab-title\" data-tab=\"3\" role=\"tab\" aria-controls=\"elementor-tab-content-2043\" aria-expanded=\"false\">\n\t\t\t\t\t\t\t\t\t\t\t\t\t<span class=\"elementor-accordion-icon elementor-accordion-icon-left\" aria-hidden=\"true\">\n\t\t\t\t\t\t\t\t\t\t\t\t\t\t\t<span class=\"elementor-accordion-icon-closed\"><i class=\"fas fa-plus\"><\/i><\/span>\n\t\t\t\t\t\t\t\t<span class=\"elementor-accordion-icon-opened\"><i class=\"fas fa-minus\"><\/i><\/span>\n\t\t\t\t\t\t\t\t\t\t\t\t\t\t<\/span>\n\t\t\t\t\t\t\t\t\t\t\t\t<a class=\"elementor-accordion-title\" href=\"\">POURQUOI NE POUVEZ-VOUS PAS MANQUER CE WEBSHOW ?<\/a>\n\t\t\t\t\t<\/div>\n\t\t\t\t\t<div id=\"elementor-tab-content-2043\" class=\"elementor-tab-content elementor-clearfix\" data-tab=\"3\" role=\"tabpanel\" aria-labelledby=\"elementor-tab-title-2043\"><ul>\n<li>parce que seuls des cas r\u00e9els seront analys\u00e9s<\/li>\n<li>parce que vous pouvez dialoguer avec trois experts exp\u00e9riment\u00e9s en marketing num\u00e9rique en direct.<\/li>\n<li>parce que vous obtiendrez des id\u00e9es concr\u00e8tes sur la mani\u00e8re de tirer le meilleur parti du num\u00e9rique sur les march\u00e9s \u00e9trangers<\/li>\n<li>parce que nous vous apportons une expertise locale pour votre projet international<\/li>\n<\/ul>\n<\/div>\n\t\t\t\t<\/div>\n\t\t\t\t\t\t\t<div class=\"elementor-accordion-item\">\n\t\t\t\t\t<div id=\"elementor-tab-title-2044\" class=\"elementor-tab-title\" data-tab=\"4\" role=\"tab\" aria-controls=\"elementor-tab-content-2044\" aria-expanded=\"false\">\n\t\t\t\t\t\t\t\t\t\t\t\t\t<span class=\"elementor-accordion-icon elementor-accordion-icon-left\" aria-hidden=\"true\">\n\t\t\t\t\t\t\t\t\t\t\t\t\t\t\t<span class=\"elementor-accordion-icon-closed\"><i class=\"fas fa-plus\"><\/i><\/span>\n\t\t\t\t\t\t\t\t<span class=\"elementor-accordion-icon-opened\"><i class=\"fas fa-minus\"><\/i><\/span>\n\t\t\t\t\t\t\t\t\t\t\t\t\t\t<\/span>\n\t\t\t\t\t\t\t\t\t\t\t\t<a class=\"elementor-accordion-title\" href=\"\">COMMENT PARTICIPER<\/a>\n\t\t\t\t\t<\/div>\n\t\t\t\t\t<div id=\"elementor-tab-content-2044\" class=\"elementor-tab-content elementor-clearfix\" data-tab=\"4\" role=\"tabpanel\" aria-labelledby=\"elementor-tab-title-2044\"><p>Pour participer au webshow <strong>\u00ab\u00a0Global Success, Local Digital Expertise\u00a0\u00bb<\/strong>, il suffit de s&rsquo;inscrire en utilisant le formulaire au bas de cette page.<\/p>\n<p>L&rsquo;\u00e9v\u00e9nement aura lieu via Zoom.<\/p>\n<p>Tous les participants recevront un courriel la veille avec le lien pour acc\u00e9der \u00e0 la salle virtuelle.<\/p>\n<p>L&rsquo;\u00e9v\u00e9nement de formation est gratuit, ne manquez pas cette occasion.<\/p>\n<\/div>\n\t\t\t\t<\/div>\n\t\t\t\t\t\t\t\t<\/div>\n\t\t\t\t<\/div>\n\t\t\t\t<\/div>\n\t\t\t\t<div class=\"elementor-element elementor-element-7194e36 elementor-align-center elementor-invisible elementor-widget elementor-widget-button\" data-id=\"7194e36\" data-element_type=\"widget\" data-settings=\"{&quot;_animation&quot;:&quot;fadeIn&quot;,&quot;_animation_delay&quot;:1100}\" data-widget_type=\"button.default\">\n\t\t\t\t<div class=\"elementor-widget-container\">\n\t\t\t\t\t<div class=\"elementor-button-wrapper\">\n\t\t\t<a href=\"#laprenotazione\" class=\"elementor-button-link elementor-button elementor-size-md\" role=\"button\">\n\t\t\t\t\t\t<span class=\"elementor-button-content-wrapper\">\n\t\t\t\t\t\t<span class=\"elementor-button-text\">R\u00e9servez maintenant<\/span>\n\t\t<\/span>\n\t\t\t\t\t<\/a>\n\t\t<\/div>\n\t\t\t\t<\/div>\n\t\t\t\t<\/div>\n\t\t\t\t\t\t<\/div>\n\t\t\t\t\t<\/div>\n\t\t<\/div>\n\t\t\t\t\t\t\t\t<\/div>\n\t\t\t\t\t<\/div>\n\t\t<\/section>\n\t\t\t\t<section class=\"elementor-section elementor-top-section elementor-element elementor-element-115d255 elementor-section-boxed elementor-section-height-default elementor-section-height-default\" data-id=\"115d255\" data-element_type=\"section\" id=\"laprenotazione\">\n\t\t\t\t\t\t<div class=\"elementor-container elementor-column-gap-default\">\n\t\t\t\t\t\t\t<div class=\"elementor-row\">\n\t\t\t\t\t<div class=\"elementor-column elementor-col-100 elementor-top-column elementor-element elementor-element-c36c6c6\" data-id=\"c36c6c6\" data-element_type=\"column\">\n\t\t\t<div class=\"elementor-column-wrap elementor-element-populated\">\n\t\t\t\t\t\t\t<div class=\"elementor-widget-wrap\">\n\t\t\t\t\t\t<div class=\"elementor-element elementor-element-4284bea elementor-widget elementor-widget-heading\" data-id=\"4284bea\" data-element_type=\"widget\" data-widget_type=\"heading.default\">\n\t\t\t\t<div class=\"elementor-widget-container\">\n\t\t\t<h2 class=\"elementor-heading-title elementor-size-default\">R\u00e9servation<\/h2>\t\t<\/div>\n\t\t\t\t<\/div>\n\t\t\t\t<div class=\"elementor-element elementor-element-8096777 elementor-widget elementor-widget-html\" data-id=\"8096777\" data-element_type=\"widget\" data-widget_type=\"html.default\">\n\t\t\t\t<div class=\"elementor-widget-container\">\n\t\t\t<!-- Calendly inline widget begin -->\r\n<div class=\"calendly-inline-widget\" data-url=\"https:\/\/calendly.com\/rankingroad-webshow\/webshow-fevrier-2022-fr?text_color=00120b&primary_color=07BBFE\" style=\"min-width:320px;height:630px;\"><\/div>\r\n<script type=\"text\/javascript\" src=\"https:\/\/assets.calendly.com\/assets\/external\/widget.js\" async=\"\"><\/script>\r\n<!-- Calendly inline widget end -->\t\t<\/div>\n\t\t\t\t<\/div>\n\t\t\t\t\t\t<\/div>\n\t\t\t\t\t<\/div>\n\t\t<\/div>\n\t\t\t\t\t\t\t\t<\/div>\n\t\t\t\t\t<\/div>\n\t\t<\/section>\n\t\t\t\t\t\t<\/div>\n\t\t\t\t\t\t<\/div>\n\t\t\t\t\t<\/div>\n\t\t","protected":false},"excerpt":{"rendered":"<p>LE WEBSHOW INTERNATIONAL MADE IN RANKING ROAD 22 f\u00e9vrier 2022 | 9 h 45 &#8211; 11 h 45 Les barri\u00e8res linguistiques, les barri\u00e8res culturelles, les habitudes d&rsquo;achat et les caract\u00e9ristiques typiques d&rsquo;un territoire ou d&rsquo;un pays peuvent devenir de v\u00e9ritables obstacles aux op\u00e9rations de marketing international. C&rsquo;est encore plus vrai lorsqu&rsquo;il s&rsquo;agit d&rsquo;activit\u00e9s de marketing [&hellip;]<\/p>\n","protected":false},"author":2,"featured_media":0,"parent":0,"menu_order":0,"comment_status":"closed","ping_status":"closed","template":"","meta":[],"yoast_head":"<!-- This site is optimized with the Yoast SEO plugin v18.0 - https:\/\/yoast.com\/wordpress\/plugins\/seo\/ -->\n<title>Succ\u00e8s mondial, expertise num\u00e9rique locale - Workshop<\/title>\n<meta name=\"description\" content=\"Comment transformer ces obstacles en un point fort pour votre entreprise internationale ?\" \/>\n<meta name=\"robots\" content=\"index, follow, max-snippet:-1, max-image-preview:large, max-video-preview:-1\" \/>\n<link rel=\"canonical\" href=\"https:\/\/webshow.rankingroad.com\/\" \/>\n<meta property=\"og:locale\" content=\"fr_FR\" \/>\n<meta property=\"og:type\" content=\"article\" \/>\n<meta property=\"og:title\" content=\"Succ\u00e8s mondial, expertise num\u00e9rique locale - Workshop\" \/>\n<meta property=\"og:description\" content=\"Comment transformer ces obstacles en un point fort pour votre entreprise internationale ?\" \/>\n<meta property=\"og:url\" content=\"https:\/\/webshow.rankingroad.com\/\" \/>\n<meta property=\"og:site_name\" content=\"Webshow Ranking Road\" \/>\n<meta property=\"article:modified_time\" content=\"2022-01-31T11:37:54+00:00\" \/>\n<meta name=\"twitter:card\" content=\"summary_large_image\" \/>\n<meta name=\"twitter:label1\" content=\"Dur\u00e9e de lecture estim\u00e9e\" \/>\n\t<meta name=\"twitter:data1\" content=\"3 minutes\" \/>\n<script type=\"application\/ld+json\" class=\"yoast-schema-graph\">{\"@context\":\"https:\/\/schema.org\",\"@graph\":[{\"@type\":\"WebSite\",\"@id\":\"https:\/\/webshow.rankingroad.com\/#website\",\"url\":\"https:\/\/webshow.rankingroad.com\/\",\"name\":\"Webshow Ranking Road\",\"description\":\"\",\"potentialAction\":[{\"@type\":\"SearchAction\",\"target\":{\"@type\":\"EntryPoint\",\"urlTemplate\":\"https:\/\/webshow.rankingroad.com\/?s={search_term_string}\"},\"query-input\":\"required name=search_term_string\"}],\"inLanguage\":\"fr-FR\"},{\"@type\":\"WebPage\",\"@id\":\"https:\/\/webshow.rankingroad.com\/#webpage\",\"url\":\"https:\/\/webshow.rankingroad.com\/\",\"name\":\"Succ\u00e8s mondial, expertise num\u00e9rique locale - Workshop\",\"isPartOf\":{\"@id\":\"https:\/\/webshow.rankingroad.com\/#website\"},\"datePublished\":\"2022-01-26T09:03:23+00:00\",\"dateModified\":\"2022-01-31T11:37:54+00:00\",\"description\":\"Comment transformer ces obstacles en un point fort pour votre entreprise internationale ?\",\"breadcrumb\":{\"@id\":\"https:\/\/webshow.rankingroad.com\/#breadcrumb\"},\"inLanguage\":\"fr-FR\",\"potentialAction\":[{\"@type\":\"ReadAction\",\"target\":[\"https:\/\/webshow.rankingroad.com\/\"]}]},{\"@type\":\"BreadcrumbList\",\"@id\":\"https:\/\/webshow.rankingroad.com\/#breadcrumb\",\"itemListElement\":[{\"@type\":\"ListItem\",\"position\":1,\"name\":\"Home\",\"item\":\"https:\/\/webshow.rankingroad.com\/\"},{\"@type\":\"ListItem\",\"position\":2,\"name\":\"Page d&#8217;accueil des entrepreneurs\"}]}]}<\/script>\n<!-- \/ Yoast SEO plugin. -->","yoast_head_json":{"title":"Succ\u00e8s mondial, expertise num\u00e9rique locale - Workshop","description":"Comment transformer ces obstacles en un point fort pour votre entreprise internationale ?","robots":{"index":"index","follow":"follow","max-snippet":"max-snippet:-1","max-image-preview":"max-image-preview:large","max-video-preview":"max-video-preview:-1"},"canonical":"https:\/\/webshow.rankingroad.com\/","og_locale":"fr_FR","og_type":"article","og_title":"Succ\u00e8s mondial, expertise num\u00e9rique locale - Workshop","og_description":"Comment transformer ces obstacles en un point fort pour votre entreprise internationale ?","og_url":"https:\/\/webshow.rankingroad.com\/","og_site_name":"Webshow Ranking Road","article_modified_time":"2022-01-31T11:37:54+00:00","twitter_card":"summary_large_image","twitter_misc":{"Dur\u00e9e de lecture estim\u00e9e":"3 minutes"},"schema":{"@context":"https:\/\/schema.org","@graph":[{"@type":"WebSite","@id":"https:\/\/webshow.rankingroad.com\/#website","url":"https:\/\/webshow.rankingroad.com\/","name":"Webshow Ranking Road","description":"","potentialAction":[{"@type":"SearchAction","target":{"@type":"EntryPoint","urlTemplate":"https:\/\/webshow.rankingroad.com\/?s={search_term_string}"},"query-input":"required name=search_term_string"}],"inLanguage":"fr-FR"},{"@type":"WebPage","@id":"https:\/\/webshow.rankingroad.com\/#webpage","url":"https:\/\/webshow.rankingroad.com\/","name":"Succ\u00e8s mondial, expertise num\u00e9rique locale - Workshop","isPartOf":{"@id":"https:\/\/webshow.rankingroad.com\/#website"},"datePublished":"2022-01-26T09:03:23+00:00","dateModified":"2022-01-31T11:37:54+00:00","description":"Comment transformer ces obstacles en un point fort pour votre entreprise internationale ?","breadcrumb":{"@id":"https:\/\/webshow.rankingroad.com\/#breadcrumb"},"inLanguage":"fr-FR","potentialAction":[{"@type":"ReadAction","target":["https:\/\/webshow.rankingroad.com\/"]}]},{"@type":"BreadcrumbList","@id":"https:\/\/webshow.rankingroad.com\/#breadcrumb","itemListElement":[{"@type":"ListItem","position":1,"name":"Home","item":"https:\/\/webshow.rankingroad.com\/"},{"@type":"ListItem","position":2,"name":"Page d&#8217;accueil des entrepreneurs"}]}]}},"_links":{"self":[{"href":"https:\/\/webshow.rankingroad.com\/fr\/wp-json\/wp\/v2\/pages\/1040"}],"collection":[{"href":"https:\/\/webshow.rankingroad.com\/fr\/wp-json\/wp\/v2\/pages"}],"about":[{"href":"https:\/\/webshow.rankingroad.com\/fr\/wp-json\/wp\/v2\/types\/page"}],"author":[{"embeddable":true,"href":"https:\/\/webshow.rankingroad.com\/fr\/wp-json\/wp\/v2\/users\/2"}],"replies":[{"embeddable":true,"href":"https:\/\/webshow.rankingroad.com\/fr\/wp-json\/wp\/v2\/comments?post=1040"}],"version-history":[{"count":17,"href":"https:\/\/webshow.rankingroad.com\/fr\/wp-json\/wp\/v2\/pages\/1040\/revisions"}],"predecessor-version":[{"id":1143,"href":"https:\/\/webshow.rankingroad.com\/fr\/wp-json\/wp\/v2\/pages\/1040\/revisions\/1143"}],"wp:attachment":[{"href":"https:\/\/webshow.rankingroad.com\/fr\/wp-json\/wp\/v2\/media?parent=1040"}],"curies":[{"name":"wp","href":"https:\/\/api.w.org\/{rel}","templated":true}]}}